{"id":7143,"date":"2025-09-25T11:56:12","date_gmt":"2025-09-25T09:56:12","guid":{"rendered":"https:\/\/www.neu2025.gse-essen.de\/gewaltschutz-management\/"},"modified":"2026-02-04T16:21:43","modified_gmt":"2026-02-04T15:21:43","slug":"gewaltschutz-management","status":"publish","type":"page","link":"https:\/\/www.gse-essen.de\/de_LS\/werkstatt-arbeiten\/gewaltschutz-management\/","title":{"rendered":"Gewaltschutz-Management"},"content":{"rendered":"\t\t<div data-elementor-type=\"wp-page\" data-elementor-id=\"7143\" class=\"elementor elementor-7143 elementor-2765\" data-elementor-post-type=\"page\">\n\t\t\t\t<div class=\"elementor-element elementor-element-2eb5aef e-flex e-con-boxed e-con e-parent\" data-id=\"2eb5aef\" data-element_type=\"container\" data-e-type=\"container\" data-settings=\"{&quot;background_background&quot;:&quot;classic&quot;,&quot;shape_divider_bottom&quot;:&quot;curve&quot;,&quot;shape_divider_bottom_negative&quot;:&quot;yes&quot;}\">\n\t\t\t\t\t<div class=\"e-con-inner\">\n\t\t\t\t<div class=\"elementor-shape elementor-shape-bottom\" aria-hidden=\"true\" data-negative=\"true\">\n\t\t\t<svg xmlns=\"http:\/\/www.w3.org\/2000\/svg\" viewBox=\"0 0 1000 100\" preserveAspectRatio=\"none\">\n\t<path class=\"elementor-shape-fill\" d=\"M500,97C126.7,96.3,0.8,19.8,0,0v100l1000,0V1C1000,19.4,873.3,97.8,500,97z\"\/>\n<\/svg>\t\t<\/div>\n\t\t\t\t<div class=\"elementor-element elementor-element-28bacb2 elementor-widget elementor-widget-shortcode\" data-id=\"28bacb2\" data-element_type=\"widget\" data-e-type=\"widget\" data-widget_type=\"shortcode.default\">\n\t\t\t\t<div class=\"elementor-widget-container\">\n\t\t\t\t\t\t\t<div class=\"elementor-shortcode\"><nav aria-label=\"breadcrumbs\" class=\"rank-math-breadcrumb\"><p><span class=\"last\">Start<\/span><\/p><\/nav><\/div>\n\t\t\t\t\t\t<\/div>\n\t\t\t\t<\/div>\n\t\t\t\t<div class=\"elementor-element elementor-element-6d72438 elementor-widget elementor-widget-heading\" data-id=\"6d72438\" data-element_type=\"widget\" data-e-type=\"widget\" data-widget_type=\"heading.default\">\n\t\t\t\t<div class=\"elementor-widget-container\">\n\t\t\t\t\t<h1 class=\"elementor-heading-title elementor-size-default\">Gewaltschutz-Management<\/h1>\t\t\t\t<\/div>\n\t\t\t\t<\/div>\n\t\t\t\t\t<\/div>\n\t\t\t\t<\/div>\n\t\t<div class=\"elementor-element elementor-element-3daff25 e-flex e-con-boxed e-con e-parent\" data-id=\"3daff25\" data-element_type=\"container\" data-e-type=\"container\">\n\t\t\t\t\t<div class=\"e-con-inner\">\n\t\t\t\t<div class=\"elementor-element elementor-element-aa55883 elementor-widget elementor-widget-text-editor\" data-id=\"aa55883\" data-element_type=\"widget\" data-e-type=\"widget\" data-widget_type=\"text-editor.default\">\n\t\t\t\t<div class=\"elementor-widget-container\">\n\t\t\t\t\t\t\t\t\t<p>Bei der GSE ist ein respektvoller und offener Umgang sehr wichtig.<br>Wir sehen das als Grundlage f\u00fcr ein gutes Miteinander<br>und als die beste Art, Gewalt zu verhindern.<br>Die Unternehmensleitung lebt dies auf allen Ebenen vor.<br>Es gibt verschiedene Ma\u00dfnahmen und regelm\u00e4\u00dfige Fortbildungen,<br>die schon seit vielen Jahren zum Gewaltschutz geh\u00f6ren.<br>In der GSE-Gewaltschutz-Konzeption steht,<br>dass unser Unternehmen Respekt und Wertsch\u00e4tzung wichtig sind.<br>Dazu geh\u00f6rt auch die Sexualp\u00e4dagogische Konzeption.<br>Sie behandelt das Thema Sexualit\u00e4t im Betreuungskontext<br>und im Arbeitsalltag der GSE.<\/p><p>Die Gewaltschutzbeauftragten der GSE nehmen regelm\u00e4\u00dfig an Schulungen und Weiterbildungen teil.<br>Diese dienen der Pr\u00e4vention in der Behindertenhilfe.<br>Zu ihren Aufgaben geh\u00f6ren zum Beispiel:<br>&gt; Beratung der Mitarbeitenden<br>&gt; Hilfestellung geben<br>&gt; Unterst\u00fctzung bei Grenzverletzungen, \u00dcbergriffen und Gewalt<\/p>\t\t\t\t\t\t\t\t<\/div>\n\t\t\t\t<\/div>\n\t\t\t\t\t<\/div>\n\t\t\t\t<\/div>\n\t\t\t\t<\/div>\n\t\t","protected":false},"excerpt":{"rendered":"<p>Gewaltschutz-Management Bei der GSE ist ein respektvoller und offener Umgang sehr wichtig.Wir sehen das als Grundlage f\u00fcr ein gutes Miteinanderund [&hellip;]<\/p>\n","protected":false},"author":2,"featured_media":0,"parent":7468,"menu_order":0,"comment_status":"closed","ping_status":"closed","template":"","meta":{"site-sidebar-layout":"no-sidebar","site-content-layout":"","ast-site-content-layout":"full-width-container","site-content-style":"default","site-sidebar-style":"default","ast-global-header-display":"","ast-banner-title-visibility":"","ast-main-header-display":"","ast-hfb-above-header-display":"","ast-hfb-below-header-display":"","ast-hfb-mobile-header-display":"","site-post-title":"","ast-breadcrumbs-content":"","ast-featured-img":"disabled","footer-sml-layout":"","ast-disable-related-posts":"","theme-transparent-header-meta":"","adv-header-id-meta":"","stick-header-meta":"","header-above-stick-meta":"","header-main-stick-meta":"","header-below-stick-meta":"","astra-migrate-meta-layouts":"default","ast-page-background-enabled":"default","ast-page-background-meta":{"desktop":{"background-color":"var(--ast-global-color-4)","background-image":"","background-repeat":"repeat","background-position":"center center","background-size":"auto","background-attachment":"scroll","background-type":"","background-media":"","overlay-type":"","overlay-color":"","overlay-opacity":"","overlay-gradient":""},"tablet":{"background-color":"","background-image":"","background-repeat":"repeat","background-position":"center center","background-size":"auto","background-attachment":"scroll","background-type":"","background-media":"","overlay-type":"","overlay-color":"","overlay-opacity":"","overlay-gradient":""},"mobile":{"background-color":"","background-image":"","background-repeat":"repeat","background-position":"center center","background-size":"auto","background-attachment":"scroll","background-type":"","background-media":"","overlay-type":"","overlay-color":"","overlay-opacity":"","overlay-gradient":""}},"ast-content-background-meta":{"desktop":{"background-color":"var(--ast-global-color-5)","background-image":"","background-repeat":"repeat","background-position":"center center","background-size":"auto","background-attachment":"scroll","background-type":"","background-media":"","overlay-type":"","overlay-color":"","overlay-opacity":"","overlay-gradient":""},"tablet":{"background-color":"var(--ast-global-color-5)","background-image":"","background-repeat":"repeat","background-position":"center center","background-size":"auto","background-attachment":"scroll","background-type":"","background-media":"","overlay-type":"","overlay-color":"","overlay-opacity":"","overlay-gradient":""},"mobile":{"background-color":"var(--ast-global-color-5)","background-image":"","background-repeat":"repeat","background-position":"center center","background-size":"auto","background-attachment":"scroll","background-type":"","background-media":"","overlay-type":"","overlay-color":"","overlay-opacity":"","overlay-gradient":""}},"footnotes":""},"class_list":["post-7143","page","type-page","status-publish","hentry"],"_links":{"self":[{"href":"https:\/\/www.gse-essen.de\/de_LS\/wp-json\/wp\/v2\/pages\/7143","targetHints":{"allow":["GET"]}}],"collection":[{"href":"https:\/\/www.gse-essen.de\/de_LS\/wp-json\/wp\/v2\/pages"}],"about":[{"href":"https:\/\/www.gse-essen.de\/de_LS\/wp-json\/wp\/v2\/types\/page"}],"author":[{"embeddable":true,"href":"https:\/\/www.gse-essen.de\/de_LS\/wp-json\/wp\/v2\/users\/2"}],"replies":[{"embeddable":true,"href":"https:\/\/www.gse-essen.de\/de_LS\/wp-json\/wp\/v2\/comments?post=7143"}],"version-history":[{"count":0,"href":"https:\/\/www.gse-essen.de\/de_LS\/wp-json\/wp\/v2\/pages\/7143\/revisions"}],"up":[{"embeddable":true,"href":"https:\/\/www.gse-essen.de\/de_LS\/wp-json\/wp\/v2\/pages\/7468"}],"wp:attachment":[{"href":"https:\/\/www.gse-essen.de\/de_LS\/wp-json\/wp\/v2\/media?parent=7143"}],"curies":[{"name":"wp","href":"https:\/\/api.w.org\/{rel}","templated":true}]}}