{"id":7145,"date":"2025-09-25T11:57:14","date_gmt":"2025-09-25T09:57:14","guid":{"rendered":"https:\/\/www.neu2025.gse-essen.de\/werkstattrat-frauenbeauftragte\/"},"modified":"2026-02-04T16:21:44","modified_gmt":"2026-02-04T15:21:44","slug":"werkstattrat-frauenbeauftragte","status":"publish","type":"page","link":"https:\/\/www.gse-essen.de\/de_LS\/werkstatt-arbeiten\/werkstattrat-frauenbeauftragte\/","title":{"rendered":"Werkstattrat &amp; Frauenbeauftragte"},"content":{"rendered":"\t\t<div data-elementor-type=\"wp-page\" data-elementor-id=\"7145\" class=\"elementor elementor-7145 elementor-2767\" data-elementor-post-type=\"page\">\n\t\t\t\t<div class=\"elementor-element elementor-element-b531851 e-flex e-con-boxed e-con e-parent\" data-id=\"b531851\" data-element_type=\"container\" data-e-type=\"container\" data-settings=\"{&quot;background_background&quot;:&quot;classic&quot;,&quot;shape_divider_bottom&quot;:&quot;curve&quot;,&quot;shape_divider_bottom_negative&quot;:&quot;yes&quot;}\">\n\t\t\t\t\t<div class=\"e-con-inner\">\n\t\t\t\t<div class=\"elementor-shape elementor-shape-bottom\" aria-hidden=\"true\" data-negative=\"true\">\n\t\t\t<svg xmlns=\"http:\/\/www.w3.org\/2000\/svg\" viewBox=\"0 0 1000 100\" preserveAspectRatio=\"none\">\n\t<path class=\"elementor-shape-fill\" d=\"M500,97C126.7,96.3,0.8,19.8,0,0v100l1000,0V1C1000,19.4,873.3,97.8,500,97z\"\/>\n<\/svg>\t\t<\/div>\n\t\t\t\t<div class=\"elementor-element elementor-element-24d30997 elementor-widget elementor-widget-shortcode\" data-id=\"24d30997\" data-element_type=\"widget\" data-e-type=\"widget\" data-widget_type=\"shortcode.default\">\n\t\t\t\t<div class=\"elementor-widget-container\">\n\t\t\t\t\t\t\t<div class=\"elementor-shortcode\"><nav aria-label=\"breadcrumbs\" class=\"rank-math-breadcrumb\"><p><span class=\"last\">Start<\/span><\/p><\/nav><\/div>\n\t\t\t\t\t\t<\/div>\n\t\t\t\t<\/div>\n\t\t\t\t<div class=\"elementor-element elementor-element-5365aef7 elementor-widget elementor-widget-heading\" data-id=\"5365aef7\" data-element_type=\"widget\" data-e-type=\"widget\" data-widget_type=\"heading.default\">\n\t\t\t\t<div class=\"elementor-widget-container\">\n\t\t\t\t\t<h1 class=\"elementor-heading-title elementor-size-default\">Werkstattrat &amp; <br>Frauenbeauftragte<\/h1>\t\t\t\t<\/div>\n\t\t\t\t<\/div>\n\t\t\t\t\t<\/div>\n\t\t\t\t<\/div>\n\t\t<div class=\"elementor-element elementor-element-43da5c8f e-flex e-con-boxed e-con e-parent\" data-id=\"43da5c8f\" data-element_type=\"container\" data-e-type=\"container\">\n\t\t\t\t\t<div class=\"e-con-inner\">\n\t\t\t\t<div class=\"elementor-element elementor-element-4fb493c9 elementor-widget elementor-widget-text-editor\" data-id=\"4fb493c9\" data-element_type=\"widget\" data-e-type=\"widget\" data-widget_type=\"text-editor.default\">\n\t\t\t\t<div class=\"elementor-widget-container\">\n\t\t\t\t\t\t\t\t\t<p>Bei uns im Unternehmen ist Mitsprache und Mitbestimmung sehr wichtig.<br> <br><\/p><p>Bei der GSE gibt es einen Werkstattrat.<br>Er vertritt die W\u00fcnsche und Interessen der Werkstattmitarbeitenden.<br>Alle vier Jahre wird der Werkstattrat von den Mitarbeitenden gew\u00e4hlt.<br>Jeder Mitarbeitende kann sich aufstellen lassen.<\/p><p>Der Werkstattrat der GSE achtet darauf, dass die Rechte der Mitarbeitenden eingehalten werden.<br><br>Die Mitglieder des Werkstattrats treffen sich regelm\u00e4\u00dfig mit:<br>&gt; den Werkstattleitungen<br>&gt; der Gesch\u00e4ftsf\u00fchrung<br><br>Sie tauschen sich aus und bringen die Anliegen der Kollegen vor.<br>Au\u00dferdem gibt es regelm\u00e4\u00dfig Sprechstunden in den Werkst\u00e4tten.<br>Jeder Mitarbeitende kann diese wahrnehmen.  <\/p><p>Der Werkstattrat ist in der Werkstatt Frillendorf telefonisch unter 0201\/8546-5591 oder 0170\/7685667 sowie per Mail unter we&#114;&#107;&#x73;&#x74;&#x61;&#x74;tr&#97;&#116;&#x40;&#x67;&#x73;&#x65;-e&#115;&#115;&#101;&#x6e;&#x2e;&#x64;&#x65; zu erreichen.<\/p><p>Die Frauenbeauftragte der GSE-Werkst\u00e4tten wird von den Werkstattmitarbeitenden gew\u00e4hlt.<br>Sie ist die Ansprechperson f\u00fcr die Werkstattmitarbeiterinnen,<br>wenn sie Fragen haben oder Unterst\u00fctzung brauchen.<\/p><p>Die Frauenbeauftragte ber\u00e4t zu Themen wie:<br>&gt; Rechte von Frauen mit Behinderung<br>&gt; Probleme von Frauen<br>&gt; Gespr\u00e4chsrunden f\u00fcr Frauen<br><br>Weitere Aufgaben sind:<br>&gt; die Interessen der Werkstattmitarbeiterinnen gegen\u00fcber der Werkstattleitung vertreten<br>&gt; Themen wie Gleichstellung, Schutz vor sexueller, k\u00f6rperlicher und psychischer Gewalt<br><br>Zur Arbeit der Frauenbeauftragten geh\u00f6ren auch:<br>&gt; Teilnahme an Sitzungen des Werkstattrates<br>&gt; regelm\u00e4\u00dfige Sprechstunden f\u00fcr Werkstattmitarbeiterinnen an allen Standorten<br>&gt; Fortbildungen f\u00fcr Frauenbeauftragte<br>&gt; Besuch von externen Veranstaltungen  <\/p><p>Die Frauenbeauftragte kann telefonisch unter 0201\/8546-5595 oder unter 0160\/91501369 sowie per Mail unter &#x66;&#114;&#97;&#x75;&#x65;&#110;&#98;&#x65;&#x61;&#117;&#102;&#x74;&#x72;&#97;&#103;&#x74;&#x65;&#46;&#119;&#x66;&#x62;&#109;&#64;&#x67;&#x73;&#101;&#45;&#x65;&#x73;&#115;&#101;&#x6e;&#x2e;&#100;&#101; erreicht werden.<\/p>\t\t\t\t\t\t\t\t<\/div>\n\t\t\t\t<\/div>\n\t\t\t\t\t<\/div>\n\t\t\t\t<\/div>\n\t\t\t\t<\/div>\n\t\t","protected":false},"excerpt":{"rendered":"<p>Werkstattrat &amp; Frauenbeauftragte Bei uns im Unternehmen ist Mitsprache und Mitbestimmung sehr wichtig. Bei der GSE gibt es einen Werkstattrat.Er [&hellip;]<\/p>\n","protected":false},"author":2,"featured_media":0,"parent":7468,"menu_order":0,"comment_status":"closed","ping_status":"closed","template":"","meta":{"site-sidebar-layout":"no-sidebar","site-content-layout":"","ast-site-content-layout":"full-width-container","site-content-style":"default","site-sidebar-style":"default","ast-global-header-display":"","ast-banner-title-visibility":"","ast-main-header-display":"","ast-hfb-above-header-display":"","ast-hfb-below-header-display":"","ast-hfb-mobile-header-display":"","site-post-title":"","ast-breadcrumbs-content":"","ast-featured-img":"disabled","footer-sml-layout":"","ast-disable-related-posts":"","theme-transparent-header-meta":"","adv-header-id-meta":"","stick-header-meta":"","header-above-stick-meta":"","header-main-stick-meta":"","header-below-stick-meta":"","astra-migrate-meta-layouts":"default","ast-page-background-enabled":"default","ast-page-background-meta":{"desktop":{"background-color":"var(--ast-global-color-4)","background-image":"","background-repeat":"repeat","background-position":"center center","background-size":"auto","background-attachment":"scroll","background-type":"","background-media":"","overlay-type":"","overlay-color":"","overlay-opacity":"","overlay-gradient":""},"tablet":{"background-color":"","background-image":"","background-repeat":"repeat","background-position":"center center","background-size":"auto","background-attachment":"scroll","background-type":"","background-media":"","overlay-type":"","overlay-color":"","overlay-opacity":"","overlay-gradient":""},"mobile":{"background-color":"","background-image":"","background-repeat":"repeat","background-position":"center center","background-size":"auto","background-attachment":"scroll","background-type":"","background-media":"","overlay-type":"","overlay-color":"","overlay-opacity":"","overlay-gradient":""}},"ast-content-background-meta":{"desktop":{"background-color":"var(--ast-global-color-5)","background-image":"","background-repeat":"repeat","background-position":"center center","background-size":"auto","background-attachment":"scroll","background-type":"","background-media":"","overlay-type":"","overlay-color":"","overlay-opacity":"","overlay-gradient":""},"tablet":{"background-color":"var(--ast-global-color-5)","background-image":"","background-repeat":"repeat","background-position":"center center","background-size":"auto","background-attachment":"scroll","background-type":"","background-media":"","overlay-type":"","overlay-color":"","overlay-opacity":"","overlay-gradient":""},"mobile":{"background-color":"var(--ast-global-color-5)","background-image":"","background-repeat":"repeat","background-position":"center center","background-size":"auto","background-attachment":"scroll","background-type":"","background-media":"","overlay-type":"","overlay-color":"","overlay-opacity":"","overlay-gradient":""}},"footnotes":""},"class_list":["post-7145","page","type-page","status-publish","hentry"],"_links":{"self":[{"href":"https:\/\/www.gse-essen.de\/de_LS\/wp-json\/wp\/v2\/pages\/7145","targetHints":{"allow":["GET"]}}],"collection":[{"href":"https:\/\/www.gse-essen.de\/de_LS\/wp-json\/wp\/v2\/pages"}],"about":[{"href":"https:\/\/www.gse-essen.de\/de_LS\/wp-json\/wp\/v2\/types\/page"}],"author":[{"embeddable":true,"href":"https:\/\/www.gse-essen.de\/de_LS\/wp-json\/wp\/v2\/users\/2"}],"replies":[{"embeddable":true,"href":"https:\/\/www.gse-essen.de\/de_LS\/wp-json\/wp\/v2\/comments?post=7145"}],"version-history":[{"count":0,"href":"https:\/\/www.gse-essen.de\/de_LS\/wp-json\/wp\/v2\/pages\/7145\/revisions"}],"up":[{"embeddable":true,"href":"https:\/\/www.gse-essen.de\/de_LS\/wp-json\/wp\/v2\/pages\/7468"}],"wp:attachment":[{"href":"https:\/\/www.gse-essen.de\/de_LS\/wp-json\/wp\/v2\/media?parent=7145"}],"curies":[{"name":"wp","href":"https:\/\/api.w.org\/{rel}","templated":true}]}}