{"id":7418,"date":"2025-06-10T16:23:46","date_gmt":"2025-06-10T14:23:46","guid":{"rendered":"https:\/\/www.neu2025.gse-essen.de\/barrierefreiheit\/"},"modified":"2026-02-03T16:09:40","modified_gmt":"2026-02-03T15:09:40","slug":"barrierefreiheit","status":"publish","type":"page","link":"https:\/\/www.gse-essen.de\/de_LS\/barrierefreiheit\/","title":{"rendered":"Barrierefreiheit"},"content":{"rendered":"\t\t<div data-elementor-type=\"wp-page\" data-elementor-id=\"7418\" class=\"elementor elementor-7418 elementor-1013\" data-elementor-post-type=\"page\">\n\t\t\t\t<div class=\"elementor-element elementor-element-6f2c80d e-flex e-con-boxed e-con e-parent\" data-id=\"6f2c80d\" data-element_type=\"container\" data-e-type=\"container\">\n\t\t\t\t\t<div class=\"e-con-inner\">\n\t\t\t\t<div class=\"elementor-element elementor-element-c13d101 elementor-widget elementor-widget-text-editor\" data-id=\"c13d101\" data-element_type=\"widget\" data-e-type=\"widget\" data-widget_type=\"text-editor.default\">\n\t\t\t\t<div class=\"elementor-widget-container\">\n\t\t\t\t\t\t\t\t\t<h1>Barrierefreiheitserkl\u00e4rung<\/h1><h2>Erkl\u00e4rung zur Barrierefreiheit<\/h2><p>Die Website gse-essen.de soll f\u00fcr alle Menschen gut nutzbar sein.<br>Wir achten darauf, dass die Seite barrierefrei ist,<br>so wie es die deutschen Gesetze vorschreiben.<br>Diese Erkl\u00e4rung zur Barrierefreiheit gilt f\u00fcr die Website:<br><a><strong>https:\/\/www.gse-essen.de<\/strong><\/a> <\/p><h2>Stand der Vereinbarkeit mit den Anforderungen<\/h2><p>Diese Website ist vollst\u00e4ndig barrierefrei.<br>Sie erf\u00fcllt die Regeln der Web Content Accessibility Guidelines (WCAG) 2.1<br>auf Stufe AA. <\/p><p>Die Website wurde w\u00e4hrend der Entwicklung und nach der Fertigstellung auf Barrierefreiheit gepr\u00fcft.<br>Dabei wurden keine Barrieren gefunden. <\/p><h2>Erstellung dieser Erkl\u00e4rung<\/h2><p>Diese Erkl\u00e4rung wurde im <strong>Februar 2026<\/strong> erstellt.<\/p><p>Die Barrierefreiheit der Website wurde gepr\u00fcft durch:<br>&gt; <strong>Selbstbewertung<\/strong><br>&gt; Pr\u00fcfprogramme<br>&gt; Manuelle Tests<br>Dabei wurde getestet, zum Beispiel:<br>&gt; Bedienung mit der Tastatur<br>&gt; Farben und Kontraste<br>&gt; Funktion mit Screenreadern<\/p><h2>Feedback und Kontaktangaben<\/h2><p>Wenn Sie trotzdem Probleme auf unserer Website bemerken<br>oder Informationen zu nicht barrierefreien Inhalten brauchen,<br>k\u00f6nnen Sie sich gerne bei uns melden.:<\/p><ul data-spread=\"false\"><li>per E-Mail an <a><strong>&#x70;&#x72;&#x65;&#115;&#115;es&#x74;&#x65;&#x6c;&#x6c;&#101;&#64;gs&#x65;&#x2d;&#x65;&#115;&#115;&#101;n&#46;&#x64;&#x65;<\/strong><\/a><\/li><li>telefonisch w\u00e4hrend der Gesch\u00e4ftszeiten unter <strong>0201-8546-1391<\/strong><\/li><\/ul><p>Wir pr\u00fcfen Ihr Anliegen schnell<br>und geben Ihnen eine R\u00fcckmeldung.<\/p><h2>Durchsetzungsverfahren<\/h2><p>Wenn Sie denken, dass die Website nicht barrierefrei genug ist<br>und Sie innerhalb einer angemessenen Zeit keine zufriedenstellende Antwort bekommen haben,<br>k\u00f6nnen Sie sich an die zust\u00e4ndige Stelle wenden.<\/p><p>Die Durchsetzungsstelle pr\u00fcft auf Ihren Antrag,<br>ob Ma\u00dfnahmen n\u00f6tig sind, damit die Website barrierefrei wird.<\/p>\t\t\t\t\t\t\t\t<\/div>\n\t\t\t\t<\/div>\n\t\t\t\t\t<\/div>\n\t\t\t\t<\/div>\n\t\t\t\t<\/div>\n\t\t","protected":false},"excerpt":{"rendered":"<p>Barrierefreiheitserkl\u00e4rung Erkl\u00e4rung zur Barrierefreiheit Die Website gse-essen.de soll f\u00fcr alle Menschen gut nutzbar sein.Wir achten darauf, dass die Seite barrierefrei [&hellip;]<\/p>\n","protected":false},"author":2,"featured_media":0,"parent":0,"menu_order":0,"comment_status":"closed","ping_status":"closed","template":"","meta":{"site-sidebar-layout":"no-sidebar","site-content-layout":"","ast-site-content-layout":"full-width-container","site-content-style":"default","site-sidebar-style":"default","ast-global-header-display":"","ast-banner-title-visibility":"","ast-main-header-display":"","ast-hfb-above-header-display":"","ast-hfb-below-header-display":"","ast-hfb-mobile-header-display":"","site-post-title":"","ast-breadcrumbs-content":"","ast-featured-img":"disabled","footer-sml-layout":"","ast-disable-related-posts":"","theme-transparent-header-meta":"","adv-header-id-meta":"","stick-header-meta":"","header-above-stick-meta":"","header-main-stick-meta":"","header-below-stick-meta":"","astra-migrate-meta-layouts":"default","ast-page-background-enabled":"default","ast-page-background-meta":{"desktop":{"background-color":"var(--ast-global-color-4)","background-image":"","background-repeat":"repeat","background-position":"center center","background-size":"auto","background-attachment":"scroll","background-type":"","background-media":"","overlay-type":"","overlay-color":"","overlay-opacity":"","overlay-gradient":""},"tablet":{"background-color":"","background-image":"","background-repeat":"repeat","background-position":"center center","background-size":"auto","background-attachment":"scroll","background-type":"","background-media":"","overlay-type":"","overlay-color":"","overlay-opacity":"","overlay-gradient":""},"mobile":{"background-color":"","background-image":"","background-repeat":"repeat","background-position":"center center","background-size":"auto","background-attachment":"scroll","background-type":"","background-media":"","overlay-type":"","overlay-color":"","overlay-opacity":"","overlay-gradient":""}},"ast-content-background-meta":{"desktop":{"background-color":"var(--ast-global-color-5)","background-image":"","background-repeat":"repeat","background-position":"center center","background-size":"auto","background-attachment":"scroll","background-type":"","background-media":"","overlay-type":"","overlay-color":"","overlay-opacity":"","overlay-gradient":""},"tablet":{"background-color":"var(--ast-global-color-5)","background-image":"","background-repeat":"repeat","background-position":"center center","background-size":"auto","background-attachment":"scroll","background-type":"","background-media":"","overlay-type":"","overlay-color":"","overlay-opacity":"","overlay-gradient":""},"mobile":{"background-color":"var(--ast-global-color-5)","background-image":"","background-repeat":"repeat","background-position":"center center","background-size":"auto","background-attachment":"scroll","background-type":"","background-media":"","overlay-type":"","overlay-color":"","overlay-opacity":"","overlay-gradient":""}},"footnotes":""},"class_list":["post-7418","page","type-page","status-publish","hentry"],"_links":{"self":[{"href":"https:\/\/www.gse-essen.de\/de_LS\/wp-json\/wp\/v2\/pages\/7418","targetHints":{"allow":["GET"]}}],"collection":[{"href":"https:\/\/www.gse-essen.de\/de_LS\/wp-json\/wp\/v2\/pages"}],"about":[{"href":"https:\/\/www.gse-essen.de\/de_LS\/wp-json\/wp\/v2\/types\/page"}],"author":[{"embeddable":true,"href":"https:\/\/www.gse-essen.de\/de_LS\/wp-json\/wp\/v2\/users\/2"}],"replies":[{"embeddable":true,"href":"https:\/\/www.gse-essen.de\/de_LS\/wp-json\/wp\/v2\/comments?post=7418"}],"version-history":[{"count":0,"href":"https:\/\/www.gse-essen.de\/de_LS\/wp-json\/wp\/v2\/pages\/7418\/revisions"}],"wp:attachment":[{"href":"https:\/\/www.gse-essen.de\/de_LS\/wp-json\/wp\/v2\/media?parent=7418"}],"curies":[{"name":"wp","href":"https:\/\/api.w.org\/{rel}","templated":true}]}}